{"id":13,"date":"2025-07-20T23:32:52","date_gmt":"2025-07-20T21:32:52","guid":{"rendered":"https:\/\/cocktail-event.fr\/?page_id=13"},"modified":"2025-07-20T23:47:15","modified_gmt":"2025-07-20T21:47:15","slug":"qui-suis-je","status":"publish","type":"page","link":"https:\/\/cocktail-event.fr\/index.php\/qui-suis-je\/","title":{"rendered":"Qui suis-je?"},"content":{"rendered":"\n<div class=\"wp-block-cover alignfull is-light has-contrast-color has-text-color has-link-color wp-elements-3fcb290b4b72ff883f80a0162da55802\" style=\"margin-top:0;margin-bottom:0;padding-top:var(--wp--preset--spacing--60);padding-right:var(--wp--preset--spacing--50);padding-bottom:var(--wp--preset--spacing--60);padding-left:var(--wp--preset--spacing--50)\"><span aria-hidden=\"true\" class=\"wp-block-cover__background has-base-background-color has-background-dim-100 has-background-dim\"><\/span><div class=\"wp-block-cover__inner-container has-global-padding is-layout-constrained wp-container-core-cover-is-layout-873ee6b1 wp-block-cover-is-layout-constrained\">\n<div class=\"wp-block-columns alignwide is-layout-flex wp-container-core-columns-is-layout-7ee84d44 wp-block-columns-is-layout-flex\">\n<div class=\"wp-block-column is-layout-flow wp-block-column-is-layout-flow\" style=\"flex-basis:65%\">\n<div class=\"wp-block-group is-vertical is-content-justification-stretch is-layout-flex wp-container-core-group-is-layout-353c4f5a wp-block-group-is-layout-flex\">\n<h2 class=\"wp-block-heading has-text-align-left\" style=\"font-size:clamp(4.054rem, 4.054rem + ((1vw - 0.2rem) * 7.288), 8.7rem);font-style:normal;font-weight:300;letter-spacing:-0.03em;line-height:1.4\">Bienvenue,<\/h2>\n\n\n\n<p class=\"is-style-text-subtitle is-style-text-subtitle--1\">Chez Cocktail Event, l\u2019exp\u00e9rience unique d\u2019un barman ind\u00e9pendant au service de vos \u00e9v\u00e9nements priv\u00e9s et professionnels.<\/p>\n\n\n\n<p>Derri\u00e8re le shaker, c\u2019est Charly, passionn\u00e9 par l\u2019art de la mixologie depuis plus de 10 ans. Consid\u00e9r\u00e9 comme l\u2019un des meilleurs barmen de France (class\u00e9 10\u1d49 en 2023), il a form\u00e9 plus de 150 barmen au cours de sa carri\u00e8re, dont certains ont remport\u00e9 des concours prestigieux.<\/p>\n\n\n\n<p>V\u00e9ritable mixolove, Charly ne se contente pas de pr\u00e9parer des cocktails : il cr\u00e9e des exp\u00e9riences gustatives uniques, m\u00ealant technique, histoire et \u00e9l\u00e9gance. Chaque cocktail est pens\u00e9 pour raconter une histoire, surprendre vos papilles et sublimer vos moments importants.<\/p>\n\n\n\n<p>Form\u00e9 dans des \u00e9tablissements r\u00e9put\u00e9s et certifi\u00e9 par l\u2019Institut Paul Bocuse, Charly met aujourd\u2019hui son savoir-faire \u00e0 votre disposition \u00e0 travers Cocktail Event :<\/p>\n\n\n\n<p>\u00c9v\u00e9nements priv\u00e9s et professionnels : anniversaires, mariages, s\u00e9minaires\u2026<\/p>\n\n\n\n<p>Ateliers cocktails pour d\u00e9couvrir l\u2019art du shaker.<\/p>\n\n\n\n<p>Cr\u00e9ations sur-mesure pour faire de chaque \u00e9v\u00e9nement un moment inoubliable.<\/p>\n\n\n\n<p>Que vous soyez amateur de classiques revisit\u00e9s ou curieux de cr\u00e9ations audacieuses, Charly vous promet une exp\u00e9rience o\u00f9 chaque d\u00e9tail compte, du choix des spiritueux \u00e0 la d\u00e9coration des verres.<\/p>\n\n\n\n<p class=\"is-style-text-subtitle is-style-text-subtitle--2\">Cocktail Event, c\u2019est bien plus qu\u2019un bar : c\u2019est l\u2019art de la mixologie, chez vous.<\/p>\n<\/div>\n<\/div>\n\n\n\n<div class=\"wp-block-column is-layout-flow wp-block-column-is-layout-flow\" style=\"flex-basis:35%\">\n<div class=\"wp-block-group is-vertical is-content-justification-stretch is-nowrap is-layout-flex wp-container-core-group-is-layout-73b0033c wp-block-group-is-layout-flex\">\n<figure class=\"wp-block-image size-full\"><img loading=\"lazy\" decoding=\"async\" width=\"912\" height=\"1106\" src=\"https:\/\/cocktail-event.fr\/wp-content\/uploads\/2025\/07\/PHOTO-CV.jpg\" alt=\"\" class=\"wp-image-17\" style=\"aspect-ratio:3\/4;object-fit:cover\" srcset=\"https:\/\/cocktail-event.fr\/wp-content\/uploads\/2025\/07\/PHOTO-CV.jpg 912w, https:\/\/cocktail-event.fr\/wp-content\/uploads\/2025\/07\/PHOTO-CV-247x300.jpg 247w, https:\/\/cocktail-event.fr\/wp-content\/uploads\/2025\/07\/PHOTO-CV-844x1024.jpg 844w, https:\/\/cocktail-event.fr\/wp-content\/uploads\/2025\/07\/PHOTO-CV-768x931.jpg 768w\" sizes=\"auto, (max-width: 912px) 100vw, 912px\" \/><\/figure>\n\n\n\n<p class=\"has-text-align-right has-x-large-font-size\" style=\"line-height:1.2\"><a href=\"https:\/\/www.instagram.com\/cocktaileventfr\/\">Instagram<\/a><br><a href=\"https:\/\/fr.linkedin.com\/in\/charly-zsambokrethy-aa5a04211\">LinkedIn<\/a><br><\/p>\n<\/div>\n<\/div>\n<\/div>\n<\/div><\/div>\n","protected":false},"excerpt":{"rendered":"","protected":false},"author":1,"featured_media":0,"parent":0,"menu_order":0,"comment_status":"closed","ping_status":"closed","template":"","meta":{"footnotes":""},"class_list":["post-13","page","type-page","status-publish","hentry"],"_links":{"self":[{"href":"https:\/\/cocktail-event.fr\/index.php\/wp-json\/wp\/v2\/pages\/13","targetHints":{"allow":["GET"]}}],"collection":[{"href":"https:\/\/cocktail-event.fr\/index.php\/wp-json\/wp\/v2\/pages"}],"about":[{"href":"https:\/\/cocktail-event.fr\/index.php\/wp-json\/wp\/v2\/types\/page"}],"author":[{"embeddable":true,"href":"https:\/\/cocktail-event.fr\/index.php\/wp-json\/wp\/v2\/users\/1"}],"replies":[{"embeddable":true,"href":"https:\/\/cocktail-event.fr\/index.php\/wp-json\/wp\/v2\/comments?post=13"}],"version-history":[{"count":3,"href":"https:\/\/cocktail-event.fr\/index.php\/wp-json\/wp\/v2\/pages\/13\/revisions"}],"predecessor-version":[{"id":19,"href":"https:\/\/cocktail-event.fr\/index.php\/wp-json\/wp\/v2\/pages\/13\/revisions\/19"}],"wp:attachment":[{"href":"https:\/\/cocktail-event.fr\/index.php\/wp-json\/wp\/v2\/media?parent=13"}],"curies":[{"name":"wp","href":"https:\/\/api.w.org\/{rel}","templated":true}]}}