{"id":39,"date":"2025-07-21T00:16:55","date_gmt":"2025-07-20T22:16:55","guid":{"rendered":"https:\/\/cocktail-event.fr\/?page_id=39"},"modified":"2026-03-05T23:00:02","modified_gmt":"2026-03-05T22:00:02","slug":"prestations-bar","status":"publish","type":"page","link":"https:\/\/cocktail-event.fr\/index.php\/prestations-bar\/","title":{"rendered":"Prestations Bar"},"content":{"rendered":"\n<div class=\"wp-block-group alignfull is-layout-flow wp-container-core-group-is-layout-f9cb6abc wp-block-group-is-layout-flow\" style=\"margin-top:0;margin-bottom:0\">\n<div class=\"wp-block-columns alignfull is-not-stacked-on-mobile is-layout-flex wp-container-core-columns-is-layout-e154fb6a wp-block-columns-is-layout-flex\" style=\"margin-top:0;margin-bottom:0;padding-top:var(--wp--preset--spacing--40);padding-right:var(--wp--preset--spacing--40);padding-bottom:var(--wp--preset--spacing--80);padding-left:var(--wp--preset--spacing--40)\">\n<div class=\"wp-block-column is-layout-flow wp-block-column-is-layout-flow\" style=\"flex-basis:66.66%\">\n<div class=\"wp-block-group is-vertical is-content-justification-stretch is-layout-flex wp-container-core-group-is-layout-7e003bba wp-block-group-is-layout-flex\">\n<h2 class=\"wp-block-heading has-xx-large-font-size\">\u201c<span lang=\"es\">Un grand cocktail n&rsquo;est pas seulement une recette, c&rsquo;est une conversation entre le barman et celui qui le boit<\/span>\u201d<\/h2>\n\n\n\n<p class=\"has-x-large-font-size\">Colin Peter Field, \u00e9lu meilleur barman au monde \u00e0 4 reprises par le magazine Forbes<\/p>\n\n\n\n<div style=\"height:0px\" aria-hidden=\"true\" class=\"wp-block-spacer wp-container-content-36c51660\"><\/div>\n<\/div>\n\n\n\n<div class=\"wp-block-cover\" style=\"min-height:832px;aspect-ratio:unset;\"><img loading=\"lazy\" decoding=\"async\" width=\"807\" height=\"1024\" class=\"wp-block-cover__image-background wp-image-193 size-large\" alt=\"\" src=\"https:\/\/cocktail-event.fr\/wp-content\/uploads\/2026\/03\/BAR-MOBILE-LOGO-3-807x1024.jpeg\" data-object-fit=\"cover\" srcset=\"https:\/\/cocktail-event.fr\/wp-content\/uploads\/2026\/03\/BAR-MOBILE-LOGO-3-807x1024.jpeg 807w, https:\/\/cocktail-event.fr\/wp-content\/uploads\/2026\/03\/BAR-MOBILE-LOGO-3-237x300.jpeg 237w, https:\/\/cocktail-event.fr\/wp-content\/uploads\/2026\/03\/BAR-MOBILE-LOGO-3-768x974.jpeg 768w, https:\/\/cocktail-event.fr\/wp-content\/uploads\/2026\/03\/BAR-MOBILE-LOGO-3.jpeg 984w\" sizes=\"auto, (max-width: 807px) 100vw, 807px\" \/><span aria-hidden=\"true\" class=\"wp-block-cover__background has-background-dim-0 has-background-dim\" style=\"background-color:#76726f\"><\/span><div class=\"wp-block-cover__inner-container is-layout-flow wp-block-cover-is-layout-flow\">\n<div style=\"height:var(--wp--preset--spacing--20)\" aria-hidden=\"true\" class=\"wp-block-spacer\"><\/div>\n<\/div><\/div>\n<\/div>\n\n\n\n<div class=\"wp-block-column is-layout-flow wp-block-column-is-layout-flow\" style=\"flex-basis:12vw\"><\/div>\n\n\n\n<div class=\"wp-block-column is-layout-flow wp-block-column-is-layout-flow\">\n<div class=\"wp-block-group is-content-justification-right is-nowrap is-layout-flex wp-container-core-group-is-layout-17124a9a wp-block-group-is-layout-flex\">\n<figure class=\"wp-block-image size-large\"><img loading=\"lazy\" decoding=\"async\" width=\"683\" height=\"1024\" src=\"https:\/\/cocktail-event.fr\/wp-content\/uploads\/2026\/03\/Salon-Mariage-5-sur-78-1-683x1024.jpg\" alt=\"\" class=\"wp-image-188\" srcset=\"https:\/\/cocktail-event.fr\/wp-content\/uploads\/2026\/03\/Salon-Mariage-5-sur-78-1-683x1024.jpg 683w, https:\/\/cocktail-event.fr\/wp-content\/uploads\/2026\/03\/Salon-Mariage-5-sur-78-1-200x300.jpg 200w, https:\/\/cocktail-event.fr\/wp-content\/uploads\/2026\/03\/Salon-Mariage-5-sur-78-1-768x1152.jpg 768w, https:\/\/cocktail-event.fr\/wp-content\/uploads\/2026\/03\/Salon-Mariage-5-sur-78-1-1024x1536.jpg 1024w, https:\/\/cocktail-event.fr\/wp-content\/uploads\/2026\/03\/Salon-Mariage-5-sur-78-1-1365x2048.jpg 1365w, https:\/\/cocktail-event.fr\/wp-content\/uploads\/2026\/03\/Salon-Mariage-5-sur-78-1-scaled.jpg 1706w\" sizes=\"auto, (max-width: 683px) 100vw, 683px\" \/><\/figure>\n\n\n\n<p class=\"has-text-align-left\" style=\"line-height:0.6;text-transform:uppercase;writing-mode:vertical-rl\"><\/p>\n<\/div>\n\n\n\n<figure class=\"wp-block-image size-large\"><img loading=\"lazy\" decoding=\"async\" width=\"683\" height=\"1024\" src=\"https:\/\/cocktail-event.fr\/wp-content\/uploads\/2026\/03\/CHARLY-SHAKE-1-683x1024.jpg\" alt=\"\" class=\"wp-image-150\" srcset=\"https:\/\/cocktail-event.fr\/wp-content\/uploads\/2026\/03\/CHARLY-SHAKE-1-683x1024.jpg 683w, https:\/\/cocktail-event.fr\/wp-content\/uploads\/2026\/03\/CHARLY-SHAKE-1-200x300.jpg 200w, https:\/\/cocktail-event.fr\/wp-content\/uploads\/2026\/03\/CHARLY-SHAKE-1-768x1152.jpg 768w, https:\/\/cocktail-event.fr\/wp-content\/uploads\/2026\/03\/CHARLY-SHAKE-1-1024x1536.jpg 1024w, https:\/\/cocktail-event.fr\/wp-content\/uploads\/2026\/03\/CHARLY-SHAKE-1-1365x2048.jpg 1365w, https:\/\/cocktail-event.fr\/wp-content\/uploads\/2026\/03\/CHARLY-SHAKE-1-scaled.jpg 1706w\" sizes=\"auto, (max-width: 683px) 100vw, 683px\" \/><\/figure>\n<\/div>\n<\/div>\n\n\n\n<div class=\"wp-block-columns alignfull is-style-section-2 is-layout-flex wp-container-core-columns-is-layout-d9884270 wp-block-columns-is-layout-flex is-style-section-2--1\" style=\"padding-top:0;padding-bottom:0\">\n<div class=\"wp-block-column is-layout-flow wp-block-column-is-layout-flow\" style=\"flex-basis:50%\">\n<div class=\"wp-block-group is-vertical is-content-justification-stretch is-layout-flex wp-container-core-group-is-layout-098fff0a wp-block-group-is-layout-flex\" style=\"min-height:33vh;padding-top:var(--wp--preset--spacing--50);padding-right:var(--wp--preset--spacing--50);padding-bottom:var(--wp--preset--spacing--50);padding-left:var(--wp--preset--spacing--50)\">\n<p>Offrez \u00e0 vos invit\u00e9s une exp\u00e9rience unique avec notre service de bar \u00e0 cocktails sur-mesure.<br>Que ce soit pour un mariage, un anniversaire, une soir\u00e9e priv\u00e9e ou un \u00e9v\u00e9nement d\u2019entreprise, nous transformons votre r\u00e9ception en v\u00e9ritable bar \u00e0 cocktails \u00e9ph\u00e9m\u00e8re.<\/p>\n\n\n\n<div style=\"height:0px\" aria-hidden=\"true\" class=\"wp-block-spacer wp-container-content-6388d5dc\"><\/div>\n\n\n\n<h2 class=\"wp-block-heading has-xx-large-font-size\"><a href=\"mailto:contact@cocktail-event.fr?subject=Demande%20de%20devis\">DEVIS<\/a><\/h2>\n<\/div>\n<\/div>\n\n\n\n<div class=\"wp-block-column is-layout-flow wp-block-column-is-layout-flow\" style=\"flex-basis:50%\">\n<div class=\"wp-block-cover\" style=\"min-height:100vh;aspect-ratio:unset;\"><img loading=\"lazy\" decoding=\"async\" width=\"732\" height=\"1024\" class=\"wp-block-cover__image-background wp-image-112 size-large\" alt=\"\" src=\"https:\/\/cocktail-event.fr\/wp-content\/uploads\/2025\/11\/station-deus-mariage-732x1024.jpg\" data-object-fit=\"cover\" srcset=\"https:\/\/cocktail-event.fr\/wp-content\/uploads\/2025\/11\/station-deus-mariage-732x1024.jpg 732w, https:\/\/cocktail-event.fr\/wp-content\/uploads\/2025\/11\/station-deus-mariage-214x300.jpg 214w, https:\/\/cocktail-event.fr\/wp-content\/uploads\/2025\/11\/station-deus-mariage-768x1075.jpg 768w, https:\/\/cocktail-event.fr\/wp-content\/uploads\/2025\/11\/station-deus-mariage-1097x1536.jpg 1097w, https:\/\/cocktail-event.fr\/wp-content\/uploads\/2025\/11\/station-deus-mariage.jpg 1143w\" sizes=\"auto, (max-width: 732px) 100vw, 732px\" \/><span aria-hidden=\"true\" class=\"wp-block-cover__background has-background-dim-0 has-background-dim\" style=\"background-color:#71797c\"><\/span><div class=\"wp-block-cover__inner-container is-layout-flow wp-block-cover-is-layout-flow\">\n<div style=\"height:var(--wp--preset--spacing--20)\" aria-hidden=\"true\" class=\"wp-block-spacer\"><\/div>\n<\/div><\/div>\n<\/div>\n<\/div>\n<\/div>\n","protected":false},"excerpt":{"rendered":"<p>\u201cUn grand cocktail n&rsquo;est pas seulement une recette, c&rsquo;est une conversation entre le barman et celui qui le boit\u201d Colin Peter Field, \u00e9lu meilleur barman au monde \u00e0 4 reprises par le magazine Forbes Offrez \u00e0 vos invit\u00e9s une exp\u00e9rience unique avec notre service de bar \u00e0 cocktails sur-mesure.Que ce soit pour un mariage, un [&hellip;]<\/p>\n","protected":false},"author":1,"featured_media":0,"parent":0,"menu_order":0,"comment_status":"closed","ping_status":"closed","template":"","meta":{"footnotes":""},"class_list":["post-39","page","type-page","status-publish","hentry"],"_links":{"self":[{"href":"https:\/\/cocktail-event.fr\/index.php\/wp-json\/wp\/v2\/pages\/39","targetHints":{"allow":["GET"]}}],"collection":[{"href":"https:\/\/cocktail-event.fr\/index.php\/wp-json\/wp\/v2\/pages"}],"about":[{"href":"https:\/\/cocktail-event.fr\/index.php\/wp-json\/wp\/v2\/types\/page"}],"author":[{"embeddable":true,"href":"https:\/\/cocktail-event.fr\/index.php\/wp-json\/wp\/v2\/users\/1"}],"replies":[{"embeddable":true,"href":"https:\/\/cocktail-event.fr\/index.php\/wp-json\/wp\/v2\/comments?post=39"}],"version-history":[{"count":14,"href":"https:\/\/cocktail-event.fr\/index.php\/wp-json\/wp\/v2\/pages\/39\/revisions"}],"predecessor-version":[{"id":196,"href":"https:\/\/cocktail-event.fr\/index.php\/wp-json\/wp\/v2\/pages\/39\/revisions\/196"}],"wp:attachment":[{"href":"https:\/\/cocktail-event.fr\/index.php\/wp-json\/wp\/v2\/media?parent=39"}],"curies":[{"name":"wp","href":"https:\/\/api.w.org\/{rel}","templated":true}]}}