{"id":43,"date":"2025-07-21T00:24:06","date_gmt":"2025-07-20T22:24:06","guid":{"rendered":"https:\/\/cocktail-event.fr\/?page_id=43"},"modified":"2025-11-11T16:30:23","modified_gmt":"2025-11-11T15:30:23","slug":"cocktails-rtd","status":"publish","type":"page","link":"https:\/\/cocktail-event.fr\/index.php\/cocktails-rtd\/","title":{"rendered":"Cocktails RTD"},"content":{"rendered":"\n<div class=\"wp-block-group alignfull is-layout-flow wp-container-core-group-is-layout-f9cb6abc wp-block-group-is-layout-flow\" style=\"margin-top:0;margin-bottom:0\">\n<div class=\"wp-block-columns alignfull is-not-stacked-on-mobile is-layout-flex wp-container-core-columns-is-layout-e154fb6a wp-block-columns-is-layout-flex\" style=\"margin-top:0;margin-bottom:0;padding-top:var(--wp--preset--spacing--40);padding-right:var(--wp--preset--spacing--40);padding-bottom:var(--wp--preset--spacing--80);padding-left:var(--wp--preset--spacing--40)\">\n<div class=\"wp-block-column is-layout-flow wp-block-column-is-layout-flow\" style=\"flex-basis:66.66%\">\n<div class=\"wp-block-group is-vertical is-content-justification-stretch is-layout-flex wp-container-core-group-is-layout-7e003bba wp-block-group-is-layout-flex\">\n<h2 class=\"wp-block-heading has-xx-large-font-size\">\u201cLa simplicit\u00e9 est la cl\u00e9 : il vaut mieux un cocktail parfaitement ex\u00e9cut\u00e9 qu&rsquo;une cr\u00e9ation inutilement compliqu\u00e9e\u201d<\/h2>\n\n\n\n<p class=\"has-x-large-font-size\">Frank Meier, barman fran\u00e7ais mythique<\/p>\n\n\n\n<div style=\"height:0px\" aria-hidden=\"true\" class=\"wp-block-spacer wp-container-content-36c51660\"><\/div>\n<\/div>\n<\/div>\n\n\n\n<div class=\"wp-block-column is-layout-flow wp-block-column-is-layout-flow\" style=\"flex-basis:12vw\"><\/div>\n\n\n\n<div class=\"wp-block-column is-layout-flow wp-block-column-is-layout-flow\">\n<div class=\"wp-block-group is-content-justification-right is-nowrap is-layout-flex wp-container-core-group-is-layout-17124a9a wp-block-group-is-layout-flex\">\n<p class=\"has-text-align-left\" style=\"line-height:0.6;text-transform:uppercase;writing-mode:vertical-rl\">Free Workshop<\/p>\n<\/div>\n<\/div>\n<\/div>\n\n\n\n<div class=\"wp-block-columns alignfull is-style-section-2 is-layout-flex wp-container-core-columns-is-layout-d9884270 wp-block-columns-is-layout-flex is-style-section-2--1\" style=\"padding-top:0;padding-bottom:0\">\n<div class=\"wp-block-column is-layout-flow wp-block-column-is-layout-flow\" style=\"flex-basis:50%\">\n<div class=\"wp-block-group is-vertical is-content-justification-stretch is-layout-flex wp-container-core-group-is-layout-098fff0a wp-block-group-is-layout-flex\" style=\"min-height:33vh;padding-top:var(--wp--preset--spacing--50);padding-right:var(--wp--preset--spacing--50);padding-bottom:var(--wp--preset--spacing--50);padding-left:var(--wp--preset--spacing--50)\">\n<p>Profitez de cocktails premium d\u00e9j\u00e0 pr\u00e9par\u00e9s, livr\u00e9s directement chez vous ou sur votre lieu d\u2019\u00e9v\u00e9nement. Les cocktails \u00ab\u00a0Ready -to-drink\u00a0\u00bb sont en plein essor ! <\/p>\n\n\n\n<p class=\"has-large-font-size\">Id\u00e9al pour :<br>\u2714 Mariages &amp; r\u00e9ceptions priv\u00e9es \u2013 Gagnez du temps tout en offrant des cocktails dignes d\u2019un bar professionnel.<br>\u2714 \u00c9v\u00e9nements professionnels \u2013 Une solution simple et \u00e9l\u00e9gante pour vos buffets, lancements de produits ou soir\u00e9es d\u2019entreprise.<\/p>\n\n\n\n<p>Chaque cocktail est \u00e9labor\u00e9 avec des produits de qualit\u00e9, mis en bouteille avec soin, et pr\u00eat \u00e0 \u00eatre d\u00e9gust\u00e9. Il vous suffit de rafra\u00eechir, de servir\u2026 et de profiter.<\/p>\n\n\n\n<div style=\"height:0px\" aria-hidden=\"true\" class=\"wp-block-spacer wp-container-content-6388d5dc\"><\/div>\n\n\n\n<h2 class=\"wp-block-heading has-xx-large-font-size\"><a href=\"contact@cocktail-event.fr\">DEVIS<\/a><\/h2>\n<\/div>\n<\/div>\n\n\n\n<div class=\"wp-block-column is-layout-flow wp-block-column-is-layout-flow\" style=\"flex-basis:50%\">\n<div class=\"wp-block-cover is-light\"><img loading=\"lazy\" decoding=\"async\" width=\"1024\" height=\"1024\" class=\"wp-block-cover__image-background wp-image-85 size-full\" alt=\"\" src=\"https:\/\/cocktail-event.fr\/wp-content\/uploads\/2025\/11\/bombonne.jpg\" data-object-fit=\"cover\" srcset=\"https:\/\/cocktail-event.fr\/wp-content\/uploads\/2025\/11\/bombonne.jpg 1024w, https:\/\/cocktail-event.fr\/wp-content\/uploads\/2025\/11\/bombonne-300x300.jpg 300w, https:\/\/cocktail-event.fr\/wp-content\/uploads\/2025\/11\/bombonne-150x150.jpg 150w, https:\/\/cocktail-event.fr\/wp-content\/uploads\/2025\/11\/bombonne-768x768.jpg 768w\" sizes=\"auto, (max-width: 1024px) 100vw, 1024px\" \/><span aria-hidden=\"true\" class=\"wp-block-cover__background has-background-dim-0 has-background-dim\" style=\"background-color:#b0ac95\"><\/span><div class=\"wp-block-cover__inner-container is-layout-flow wp-block-cover-is-layout-flow\">\n<div style=\"height:var(--wp--preset--spacing--20)\" aria-hidden=\"true\" class=\"wp-block-spacer\"><\/div>\n<\/div><\/div>\n<\/div>\n<\/div>\n<\/div>\n","protected":false},"excerpt":{"rendered":"<p>\u201cLa simplicit\u00e9 est la cl\u00e9 : il vaut mieux un cocktail parfaitement ex\u00e9cut\u00e9 qu&rsquo;une cr\u00e9ation inutilement compliqu\u00e9e\u201d Frank Meier, barman fran\u00e7ais mythique Free Workshop Profitez de cocktails premium d\u00e9j\u00e0 pr\u00e9par\u00e9s, livr\u00e9s directement chez vous ou sur votre lieu d\u2019\u00e9v\u00e9nement. Les cocktails \u00ab\u00a0Ready -to-drink\u00a0\u00bb sont en plein essor ! Id\u00e9al pour :\u2714 Mariages &amp; r\u00e9ceptions priv\u00e9es [&hellip;]<\/p>\n","protected":false},"author":1,"featured_media":0,"parent":0,"menu_order":0,"comment_status":"closed","ping_status":"closed","template":"","meta":{"footnotes":""},"class_list":["post-43","page","type-page","status-publish","hentry"],"_links":{"self":[{"href":"https:\/\/cocktail-event.fr\/index.php\/wp-json\/wp\/v2\/pages\/43","targetHints":{"allow":["GET"]}}],"collection":[{"href":"https:\/\/cocktail-event.fr\/index.php\/wp-json\/wp\/v2\/pages"}],"about":[{"href":"https:\/\/cocktail-event.fr\/index.php\/wp-json\/wp\/v2\/types\/page"}],"author":[{"embeddable":true,"href":"https:\/\/cocktail-event.fr\/index.php\/wp-json\/wp\/v2\/users\/1"}],"replies":[{"embeddable":true,"href":"https:\/\/cocktail-event.fr\/index.php\/wp-json\/wp\/v2\/comments?post=43"}],"version-history":[{"count":5,"href":"https:\/\/cocktail-event.fr\/index.php\/wp-json\/wp\/v2\/pages\/43\/revisions"}],"predecessor-version":[{"id":86,"href":"https:\/\/cocktail-event.fr\/index.php\/wp-json\/wp\/v2\/pages\/43\/revisions\/86"}],"wp:attachment":[{"href":"https:\/\/cocktail-event.fr\/index.php\/wp-json\/wp\/v2\/media?parent=43"}],"curies":[{"name":"wp","href":"https:\/\/api.w.org\/{rel}","templated":true}]}}