{"id":9,"date":"2025-07-20T23:28:23","date_gmt":"2025-07-20T21:28:23","guid":{"rendered":"https:\/\/cocktail-event.fr\/?page_id=9"},"modified":"2025-11-28T12:35:22","modified_gmt":"2025-11-28T11:35:22","slug":"page-daccueil","status":"publish","type":"page","link":"https:\/\/cocktail-event.fr\/","title":{"rendered":""},"content":{"rendered":"\n<div class=\"wp-block-group alignfull has-global-padding is-layout-constrained wp-container-core-group-is-layout-0c9c989a wp-block-group-is-layout-constrained\" style=\"min-height:0vh;margin-top:0;margin-bottom:0;padding-top:var(--wp--preset--spacing--70);padding-right:var(--wp--preset--spacing--40);padding-bottom:var(--wp--preset--spacing--70);padding-left:var(--wp--preset--spacing--40)\">\n<div class=\"wp-block-group has-global-padding is-layout-constrained wp-container-core-group-is-layout-346627ba wp-block-group-is-layout-constrained\">\n<h2 class=\"wp-block-heading has-text-align-center has-xx-large-font-size\" style=\"margin-right:0;margin-left:0;padding-right:0;padding-left:0\">Mixologue priv\u00e9<\/h2>\n\n\n\n<p class=\"has-text-align-center\">Bienvenue chez Cocktail Event, l\u2019exp\u00e9rience unique d\u2019un barman ind\u00e9pendant au service de vos \u00e9v\u00e9nements priv\u00e9s et professionnels.<\/p>\n\n\n\n<p>Derri\u00e8re le shaker, c\u2019est Charly, passionn\u00e9 par l\u2019art de la mixologie depuis plus de 10 ans. Consid\u00e9r\u00e9 comme l\u2019un des meilleurs barmen de France (class\u00e9 10\u1d49 en 2023), il a form\u00e9 plus de 150 barmen au cours de sa carri\u00e8re, dont certains ont remport\u00e9 des concours prestigieux&#8230;<\/p>\n\n\n\n<p><\/p>\n\n\n\n<p><\/p>\n\n\n\n<div class=\"wp-block-buttons is-content-justification-center is-layout-flex wp-container-core-buttons-is-layout-a89b3969 wp-block-buttons-is-layout-flex\">\n<div class=\"wp-block-button\"><a class=\"wp-block-button__link wp-element-button\" href=\"https:\/\/cocktail-event.fr\/index.php\/qui-suis-je\/\">En savoir plus<\/a><\/div>\n<\/div>\n<\/div>\n<\/div>\n\n\n\n<div class=\"wp-block-group alignfull is-style-section-1 has-global-padding is-layout-constrained wp-block-group-is-layout-constrained is-style-section-1--1\" style=\"margin-top:0;margin-bottom:0;padding-top:var(--wp--preset--spacing--80);padding-bottom:var(--wp--preset--spacing--80)\">\n<div class=\"wp-block-columns alignwide is-layout-flex wp-container-core-columns-is-layout-66fad18a wp-block-columns-is-layout-flex\">\n<div class=\"wp-block-column is-layout-flow wp-block-column-is-layout-flow\" style=\"padding-right:var(--wp--preset--spacing--50);flex-basis:45%\">\n<figure class=\"wp-block-image size-full\"><img loading=\"lazy\" decoding=\"async\" width=\"1536\" height=\"2040\" src=\"https:\/\/cocktail-event.fr\/wp-content\/uploads\/2025\/07\/PORNSTAR-MARTINI.jpg\" alt=\"\" class=\"wp-image-32\" srcset=\"https:\/\/cocktail-event.fr\/wp-content\/uploads\/2025\/07\/PORNSTAR-MARTINI.jpg 1536w, https:\/\/cocktail-event.fr\/wp-content\/uploads\/2025\/07\/PORNSTAR-MARTINI-226x300.jpg 226w, https:\/\/cocktail-event.fr\/wp-content\/uploads\/2025\/07\/PORNSTAR-MARTINI-771x1024.jpg 771w, https:\/\/cocktail-event.fr\/wp-content\/uploads\/2025\/07\/PORNSTAR-MARTINI-768x1020.jpg 768w, https:\/\/cocktail-event.fr\/wp-content\/uploads\/2025\/07\/PORNSTAR-MARTINI-1157x1536.jpg 1157w\" sizes=\"auto, (max-width: 1536px) 100vw, 1536px\" \/><\/figure>\n\n\n\n<div class=\"wp-block-group has-global-padding is-layout-constrained wp-block-group-is-layout-constrained\" style=\"margin-top:-12vw\">\n<figure class=\"wp-block-image alignright size-full is-resized\" style=\"margin-right:-5vw;margin-left:-5vw\"><img loading=\"lazy\" decoding=\"async\" width=\"1536\" height=\"2040\" src=\"https:\/\/cocktail-event.fr\/wp-content\/uploads\/2025\/07\/ATLANTIQUE.jpg\" alt=\"\" class=\"wp-image-24\" style=\"width:202px\" srcset=\"https:\/\/cocktail-event.fr\/wp-content\/uploads\/2025\/07\/ATLANTIQUE.jpg 1536w, https:\/\/cocktail-event.fr\/wp-content\/uploads\/2025\/07\/ATLANTIQUE-226x300.jpg 226w, https:\/\/cocktail-event.fr\/wp-content\/uploads\/2025\/07\/ATLANTIQUE-771x1024.jpg 771w, https:\/\/cocktail-event.fr\/wp-content\/uploads\/2025\/07\/ATLANTIQUE-768x1020.jpg 768w, https:\/\/cocktail-event.fr\/wp-content\/uploads\/2025\/07\/ATLANTIQUE-1157x1536.jpg 1157w\" sizes=\"auto, (max-width: 1536px) 100vw, 1536px\" \/><\/figure>\n<\/div>\n<\/div>\n\n\n\n<div class=\"wp-block-column is-vertically-aligned-center is-layout-flow wp-block-column-is-layout-flow\" style=\"padding-right:0;padding-left:0;flex-basis:50%\">\n<div class=\"wp-block-group is-vertical is-layout-flex wp-container-core-group-is-layout-fe9cc265 wp-block-group-is-layout-flex\">\n<h2 class=\"wp-block-heading is-style-text-annotation has-xx-large-font-size is-style-text-annotation--2\"><a href=\"https:\/\/cocktail-event.fr\/index.php\/galerie\/\" data-type=\"page\" data-id=\"35\">Galerie<\/a> d&rsquo;art<\/h2>\n<\/div>\n\n\n\n<p class=\"is-style-text-subtitle has-xx-large-font-size is-style-text-subtitle--3\">Clique pour voir quelques r\u00e9alisations<\/p>\n<\/div>\n<\/div>\n<\/div>\n\n\n\n<div class=\"wp-block-group alignfull has-global-padding is-layout-constrained wp-container-core-group-is-layout-ebee8dc1 wp-block-group-is-layout-constrained\" style=\"margin-top:0;margin-bottom:0;padding-top:var(--wp--preset--spacing--50);padding-bottom:var(--wp--preset--spacing--50)\">\n<h2 class=\"wp-block-heading alignwide\">Nos services<\/h2>\n\n\n\n<div class=\"wp-block-columns alignwide is-layout-flex wp-container-core-columns-is-layout-28f84493 wp-block-columns-is-layout-flex\">\n<div class=\"wp-block-column is-layout-flow wp-block-column-is-layout-flow\">\n<figure class=\"wp-block-image size-full\" style=\"margin-bottom:24px\"><img loading=\"lazy\" decoding=\"async\" width=\"1204\" height=\"1600\" src=\"https:\/\/cocktail-event.fr\/wp-content\/uploads\/2025\/11\/mojito-royal.jpg\" alt=\"\" class=\"wp-image-82\" style=\"aspect-ratio:4\/3;object-fit:cover\" srcset=\"https:\/\/cocktail-event.fr\/wp-content\/uploads\/2025\/11\/mojito-royal.jpg 1204w, https:\/\/cocktail-event.fr\/wp-content\/uploads\/2025\/11\/mojito-royal-226x300.jpg 226w, https:\/\/cocktail-event.fr\/wp-content\/uploads\/2025\/11\/mojito-royal-771x1024.jpg 771w, https:\/\/cocktail-event.fr\/wp-content\/uploads\/2025\/11\/mojito-royal-768x1021.jpg 768w, https:\/\/cocktail-event.fr\/wp-content\/uploads\/2025\/11\/mojito-royal-1156x1536.jpg 1156w\" sizes=\"auto, (max-width: 1204px) 100vw, 1204px\" \/><\/figure>\n\n\n\n<h3 class=\"wp-block-heading\"><a href=\"https:\/\/cocktail-event.fr\/index.php\/prestations-bar\/\" data-type=\"page\" data-id=\"39\">Prestations Bar<\/a><\/h3>\n\n\n\n<p class=\"has-medium-font-size\">Un bar \u00e0 cocktails \u00e9ph\u00e9m\u00e8re pour sublimer vos \u00e9v\u00e8nements<\/p>\n\n\n\n<p class=\"has-medium-font-size\"><\/p>\n<\/div>\n\n\n\n<div class=\"wp-block-column is-layout-flow wp-block-column-is-layout-flow\">\n<figure class=\"wp-block-image size-full\" style=\"margin-bottom:24px\"><img loading=\"lazy\" decoding=\"async\" width=\"2306\" height=\"2560\" src=\"https:\/\/cocktail-event.fr\/wp-content\/uploads\/2025\/08\/atelier-cocktail-scaled.jpg\" alt=\"\" class=\"wp-image-60\" style=\"aspect-ratio:4\/3;object-fit:cover\" srcset=\"https:\/\/cocktail-event.fr\/wp-content\/uploads\/2025\/08\/atelier-cocktail-scaled.jpg 2306w, https:\/\/cocktail-event.fr\/wp-content\/uploads\/2025\/08\/atelier-cocktail-270x300.jpg 270w, https:\/\/cocktail-event.fr\/wp-content\/uploads\/2025\/08\/atelier-cocktail-922x1024.jpg 922w, https:\/\/cocktail-event.fr\/wp-content\/uploads\/2025\/08\/atelier-cocktail-768x853.jpg 768w, https:\/\/cocktail-event.fr\/wp-content\/uploads\/2025\/08\/atelier-cocktail-1383x1536.jpg 1383w, https:\/\/cocktail-event.fr\/wp-content\/uploads\/2025\/08\/atelier-cocktail-1844x2048.jpg 1844w\" sizes=\"auto, (max-width: 2306px) 100vw, 2306px\" \/><\/figure>\n\n\n\n<h3 class=\"wp-block-heading\"><a href=\"https:\/\/cocktail-event.fr\/index.php\/ateliers-cocktails\/\" data-type=\"page\" data-id=\"41\">Ateliers Cocktails<\/a><\/h3>\n\n\n\n<p class=\"has-medium-font-size\">Devenez mixologue le temps d&rsquo;un atelier convivial et ludique<\/p>\n\n\n\n<p class=\"has-medium-font-size\"><\/p>\n<\/div>\n\n\n\n<div class=\"wp-block-column is-layout-flow wp-block-column-is-layout-flow\">\n<figure class=\"wp-block-image size-full\" style=\"margin-bottom:24px\"><img loading=\"lazy\" decoding=\"async\" width=\"1024\" height=\"1536\" src=\"https:\/\/cocktail-event.fr\/wp-content\/uploads\/2025\/08\/jarre-RTD.jpg\" alt=\"\" class=\"wp-image-67\" style=\"aspect-ratio:4\/3;object-fit:cover\" srcset=\"https:\/\/cocktail-event.fr\/wp-content\/uploads\/2025\/08\/jarre-RTD.jpg 1024w, https:\/\/cocktail-event.fr\/wp-content\/uploads\/2025\/08\/jarre-RTD-200x300.jpg 200w, https:\/\/cocktail-event.fr\/wp-content\/uploads\/2025\/08\/jarre-RTD-683x1024.jpg 683w, https:\/\/cocktail-event.fr\/wp-content\/uploads\/2025\/08\/jarre-RTD-768x1152.jpg 768w\" sizes=\"auto, (max-width: 1024px) 100vw, 1024px\" \/><\/figure>\n\n\n\n<h3 class=\"wp-block-heading\"><a href=\"https:\/\/cocktail-event.fr\/index.php\/cocktails-rtd\/\" data-type=\"page\" data-id=\"43\">Cocktails pr\u00eat \u00e0 boire<\/a><\/h3>\n\n\n\n<p class=\"has-medium-font-size\">L&rsquo;excellence des cocktails, d\u00e9j\u00e0 pr\u00eats \u00e0 d\u00e9guster.<\/p>\n<\/div>\n<\/div>\n<\/div>\n\n\n\n<div class=\"wp-block-group alignfull has-global-padding is-layout-constrained wp-block-group-is-layout-constrained\" style=\"margin-top:0;margin-bottom:0;padding-top:var(--wp--preset--spacing--60);padding-bottom:var(--wp--preset--spacing--60)\">\n<p class=\"has-text-align-center\"><\/p>\n\n\n\n<div style=\"height:var(--wp--preset--spacing--40)\" aria-hidden=\"true\" class=\"wp-block-spacer\"><\/div>\n\n\n\n<div class=\"wp-block-columns alignwide is-layout-flex wp-container-core-columns-is-layout-1d9f35bd wp-block-columns-is-layout-flex\"><\/div>\n<\/div>\n\n\n\n<aside class=\"wp-block-group alignfull is-style-section-3 has-global-padding is-layout-constrained wp-container-core-group-is-layout-f0f2a97b wp-block-group-is-layout-constrained is-style-section-3--4\" style=\"margin-top:0;margin-bottom:0;padding-top:var(--wp--preset--spacing--50);padding-right:var(--wp--preset--spacing--50);padding-bottom:var(--wp--preset--spacing--50);padding-left:var(--wp--preset--spacing--50)\">\n<div class=\"wp-block-group is-vertical is-content-justification-center is-layout-flex wp-container-core-group-is-layout-8778ca4a wp-block-group-is-layout-flex\" style=\"min-height:360px;margin-top:0;margin-bottom:0\">\n<h2 class=\"wp-block-heading has-text-align-center has-xx-large-font-size\">Retrouve nous sur les r\u00e9seaux<\/h2>\n\n\n\n<p class=\"has-text-align-center\"> access <\/p>\n\n\n\n<div style=\"height:0px\" aria-hidden=\"true\" class=\"wp-block-spacer wp-container-content-62aae154\"><\/div>\n\n\n\n<div class=\"wp-block-buttons is-content-justification-center is-layout-flex wp-container-core-buttons-is-layout-a89b3969 wp-block-buttons-is-layout-flex\">\n<div class=\"wp-block-button\"><a class=\"wp-block-button__link has-text-align-center wp-element-button\" href=\"https:\/\/www.instagram.com\/cocktaileventfr\/\">Instagram <\/a><\/div>\n<\/div>\n\n\n\n<figure class=\"wp-block-image is-resized\"><a href=\"https:\/\/www.instagram.com\/cocktaileventfr\/\" target=\"_blank\" rel=\" noreferrer noopener\"><img loading=\"lazy\" decoding=\"async\" width=\"960\" height=\"640\" src=\"https:\/\/cocktail-event.fr\/wp-content\/uploads\/2025\/08\/logo-insta.webp\" alt=\"\" class=\"wp-image-65\" style=\"width:164px;height:auto\" srcset=\"https:\/\/cocktail-event.fr\/wp-content\/uploads\/2025\/08\/logo-insta.webp 960w, https:\/\/cocktail-event.fr\/wp-content\/uploads\/2025\/08\/logo-insta-300x200.webp 300w, https:\/\/cocktail-event.fr\/wp-content\/uploads\/2025\/08\/logo-insta-768x512.webp 768w\" sizes=\"auto, (max-width: 960px) 100vw, 960px\" \/><\/a><\/figure>\n<\/div>\n\n\n\n<figure class=\"wp-block-embed is-type-rich is-provider-tiktok wp-block-embed-tiktok\"><div class=\"wp-block-embed__wrapper\">\n<blockquote class=\"tiktok-embed\" cite=\"https:\/\/www.tiktok.com\/@cocktailevent\" data-unique-id=\"cocktailevent\" data-embed-from=\"oembed\" data-embed-type=\"creator\" style=\"max-width:780px; min-width:288px;\"> <section> <a target=\"_blank\" href=\"https:\/\/www.tiktok.com\/@cocktailevent?refer=creator_embed\">@cocktailevent<\/a> <\/section> <\/blockquote> <script async src=\"https:\/\/www.tiktok.com\/embed.js\"><\/script>\n<\/div><\/figure>\n<\/aside>\n\n\n\n<p><\/p>\n","protected":false},"excerpt":{"rendered":"<p>Mixologue priv\u00e9 Bienvenue chez Cocktail Event, l\u2019exp\u00e9rience unique d\u2019un barman ind\u00e9pendant au service de vos \u00e9v\u00e9nements priv\u00e9s et professionnels. Derri\u00e8re le shaker, c\u2019est Charly, passionn\u00e9 par l\u2019art de la mixologie depuis plus de 10 ans. Consid\u00e9r\u00e9 comme l\u2019un des meilleurs barmen de France (class\u00e9 10\u1d49 en 2023), il a form\u00e9 plus de 150 barmen au [&hellip;]<\/p>\n","protected":false},"author":1,"featured_media":0,"parent":0,"menu_order":0,"comment_status":"closed","ping_status":"closed","template":"","meta":{"footnotes":""},"class_list":["post-9","page","type-page","status-publish","hentry"],"_links":{"self":[{"href":"https:\/\/cocktail-event.fr\/index.php\/wp-json\/wp\/v2\/pages\/9","targetHints":{"allow":["GET"]}}],"collection":[{"href":"https:\/\/cocktail-event.fr\/index.php\/wp-json\/wp\/v2\/pages"}],"about":[{"href":"https:\/\/cocktail-event.fr\/index.php\/wp-json\/wp\/v2\/types\/page"}],"author":[{"embeddable":true,"href":"https:\/\/cocktail-event.fr\/index.php\/wp-json\/wp\/v2\/users\/1"}],"replies":[{"embeddable":true,"href":"https:\/\/cocktail-event.fr\/index.php\/wp-json\/wp\/v2\/comments?post=9"}],"version-history":[{"count":18,"href":"https:\/\/cocktail-event.fr\/index.php\/wp-json\/wp\/v2\/pages\/9\/revisions"}],"predecessor-version":[{"id":110,"href":"https:\/\/cocktail-event.fr\/index.php\/wp-json\/wp\/v2\/pages\/9\/revisions\/110"}],"wp:attachment":[{"href":"https:\/\/cocktail-event.fr\/index.php\/wp-json\/wp\/v2\/media?parent=9"}],"curies":[{"name":"wp","href":"https:\/\/api.w.org\/{rel}","templated":true}]}}